{"id":105,"date":"2025-05-06T13:26:43","date_gmt":"2025-05-06T10:26:43","guid":{"rendered":"https:\/\/xn--ltkkirppis-q5ac.fi\/?page_id=105"},"modified":"2025-09-19T09:36:59","modified_gmt":"2025-09-19T06:36:59","slug":"kauppiaat","status":"publish","type":"page","link":"https:\/\/xn--ltkkirppis-q5ac.fi\/?page_id=105","title":{"rendered":"Yritysmyyj\u00e4t"},"content":{"rendered":"\n<div style=\"height:2rem\" aria-hidden=\"true\" class=\"wp-block-spacer\"><\/div>\n\n\n<!-- Error, Advert is not available at this time due to schedule\/geolocation restrictions! -->\n\n\n<div style=\"height:2rem\" aria-hidden=\"true\" class=\"wp-block-spacer\"><\/div>\n\n\n\n<p>T\u00e4lt\u00e4 sivulta l\u00f6yd\u00e4t kaikki L\u00e4tk\u00e4kirppis.fi:hin rekister\u00f6ityneet <strong>yritysmyyj\u00e4t<\/strong>. Klikkaamalla yritysmyyj\u00e4n profiilia n\u00e4et <strong>kaikki kyseisen myyj\u00e4n myyt\u00e4v\u00e4t tuotteet<\/strong>. <br>Osta suoraan <strong>luotettavilta j\u00e4\u00e4urheilun erikoiskaupoista<\/strong>, jotka p\u00e4ivitt\u00e4v\u00e4t valikoimaansa aktiivisesti.<\/p>\n\n\n\n<div class=\"wp-block-group\"><div class=\"wp-block-group__inner-container is-layout-constrained wp-block-group-is-layout-constrained\"> <\/div><\/div>\n","protected":false},"excerpt":{"rendered":"<p>T\u00e4lt\u00e4 sivulta l\u00f6yd\u00e4t kaikki L\u00e4tk\u00e4kirppis.fi:hin rekister\u00f6ityneet yritysmyyj\u00e4t. Klikkaamalla yritysmyyj\u00e4n profiilia n\u00e4et kaikki kyseisen myyj\u00e4n myyt\u00e4v\u00e4t tuotteet. Osta suoraan luotettavilta j\u00e4\u00e4urheilun erikoiskaupoista, jotka p\u00e4ivitt\u00e4v\u00e4t valikoimaansa aktiivisesti.<\/p>\n","protected":false},"author":1,"featured_media":72,"parent":0,"menu_order":0,"comment_status":"closed","ping_status":"closed","template":"","meta":{"footnotes":""},"class_list":["post-105","page","type-page","status-publish","has-post-thumbnail","hentry"],"_links":{"self":[{"href":"https:\/\/xn--ltkkirppis-q5ac.fi\/index.php?rest_route=\/wp\/v2\/pages\/105","targetHints":{"allow":["GET"]}}],"collection":[{"href":"https:\/\/xn--ltkkirppis-q5ac.fi\/index.php?rest_route=\/wp\/v2\/pages"}],"about":[{"href":"https:\/\/xn--ltkkirppis-q5ac.fi\/index.php?rest_route=\/wp\/v2\/types\/page"}],"author":[{"embeddable":true,"href":"https:\/\/xn--ltkkirppis-q5ac.fi\/index.php?rest_route=\/wp\/v2\/users\/1"}],"replies":[{"embeddable":true,"href":"https:\/\/xn--ltkkirppis-q5ac.fi\/index.php?rest_route=%2Fwp%2Fv2%2Fcomments&post=105"}],"version-history":[{"count":21,"href":"https:\/\/xn--ltkkirppis-q5ac.fi\/index.php?rest_route=\/wp\/v2\/pages\/105\/revisions"}],"predecessor-version":[{"id":3247,"href":"https:\/\/xn--ltkkirppis-q5ac.fi\/index.php?rest_route=\/wp\/v2\/pages\/105\/revisions\/3247"}],"wp:featuredmedia":[{"embeddable":true,"href":"https:\/\/xn--ltkkirppis-q5ac.fi\/index.php?rest_route=\/wp\/v2\/media\/72"}],"wp:attachment":[{"href":"https:\/\/xn--ltkkirppis-q5ac.fi\/index.php?rest_route=%2Fwp%2Fv2%2Fmedia&parent=105"}],"curies":[{"name":"wp","href":"https:\/\/api.w.org\/{rel}","templated":true}]}}