{"id":165,"date":"2025-05-08T13:22:13","date_gmt":"2025-05-08T10:22:13","guid":{"rendered":"https:\/\/xn--ltkkirppis-q5ac.fi\/?page_id=165"},"modified":"2025-09-22T21:26:42","modified_gmt":"2025-09-22T18:26:42","slug":"kayttoehdot","status":"publish","type":"page","link":"https:\/\/xn--ltkkirppis-q5ac.fi\/?page_id=165","title":{"rendered":"K\u00e4ytt\u00f6ehdot"},"content":{"rendered":"\n<p><strong>K\u00e4ytt\u00f6ehdot<\/strong><br><br>l\u00e4tk\u00e4kirppis.fi \/ GearTrade Oy<br><strong>Yhteystiedot<\/strong><br>GearTrade Oy<br><strong>S\u00e4hk\u00f6posti:<\/strong> teemu@geartrade.fi<br><strong>Verkkosivut:<\/strong> www.l\u00e4tk\u00e4kirppis.fi<br>P\u00e4ivitetty: 19.9.2025<br><br><strong>Yleist\u00e4<\/strong><br>L\u00e4tk\u00e4kirppis.fi on GearTrade Oy:n yll\u00e4pit\u00e4m\u00e4 digitaalinen markkinapaikka, jossa yksityishenkil\u00f6t ja yritykset voivat myyd\u00e4, ostaa ja vaihtaa j\u00e4\u00e4urheiluv\u00e4lineit\u00e4 ja -tarvikkeita. Palvelun k\u00e4ytt\u00f6 edellytt\u00e4\u00e4 n\u00e4iden k\u00e4ytt\u00f6ehtojen hyv\u00e4ksymist\u00e4.<br><br><strong>Rekister\u00f6ityminen ja k\u00e4ytt\u00e4j\u00e4tili<\/strong><br>Palvelun k\u00e4ytt\u00f6 vaatii rekister\u00f6itymisen. K\u00e4ytt\u00e4j\u00e4 sitoutuu antamaan oikeat ja ajantasaiset tiedot. K\u00e4ytt\u00e4j\u00e4 vastaa tilins\u00e4 turvallisuudesta ja kaikesta tililt\u00e4\u00e4n tapahtuvasta toiminnasta. Palveluntarjoajalla on oikeus poistaa tai est\u00e4\u00e4 k\u00e4ytt\u00e4j\u00e4tunnus, mik\u00e4li ehtoja rikotaan.<br><br><strong>Palvelun k\u00e4ytt\u00f6 ja sis\u00e4lt\u00f6<\/strong><br>K\u00e4ytt\u00e4j\u00e4t voivat julkaista ilmoituksia myyt\u00e4vist\u00e4 tuotteista ja palveluista. K\u00e4ytt\u00e4j\u00e4 vastaa itse ilmoitusten sis\u00e4ll\u00f6st\u00e4 ja siit\u00e4, ettei ne riko lakia tai kolmansien osapuolten oikeuksia. Palveluntarjoajalla on oikeus poistaa ilmoituksia tai k\u00e4ytt\u00e4j\u00e4tilej\u00e4 ilman erillist\u00e4 ilmoitusta.<br><br><strong>Maksulliset palvelut ja yritysmyyj\u00e4t<\/strong><br>Yritysmyyjille tarjotaan maksullisia palvelupaketteja, kuten ilmoituspaketteja ja mainospaikkoja. Maksut suoritetaan laskuttamalla palveluntarjoajan hyv\u00e4ksymill\u00e4 maksutavoilla.<br><br><strong>Kaupank\u00e4ynti ja vastuunrajoitus<\/strong><br>Palveluntarjoaja toimii markkinapaikkana, eik\u00e4 osallistu ostajien ja myyjien v\u00e4lisiin kauppoihin. Palveluntarjoaja ei vastaa ilmoituksissa myyt\u00e4vien tuotteiden laadusta, toimituksesta tai kaupank\u00e4ynnin onnistumisesta. Mahdolliset erimielisyydet ratkaistaan myyj\u00e4n ja ostajan v\u00e4lill\u00e4<br><br><strong>Tietosuoja ja ev\u00e4steet<\/strong><br>Henkil\u00f6tietoja k\u00e4sitell\u00e4\u00e4n tietosuojaselosteen mukaisesti. Palvelu k\u00e4ytt\u00e4\u00e4 ev\u00e4steit\u00e4 k\u00e4ytt\u00e4j\u00e4kokemuksen parantamiseksi ja k\u00e4vij\u00e4seurantaan. K\u00e4ytt\u00e4j\u00e4 hyv\u00e4ksyy ev\u00e4steiden k\u00e4yt\u00f6n jatkamalla palvelun k\u00e4ytt\u00f6\u00e4.<br><br><strong>Immateriaalioikeudet<\/strong><br>Palvelussa julkaistu sis\u00e4lt\u00f6, kuten tekstit, kuvat ja logot, ovat Palveluntarjoajan tai sen yhteisty\u00f6kumppaneiden omaisuutta. Niiden luvaton kopiointi tai k\u00e4ytt\u00f6 on kielletty.<br><br><strong>Muutokset k\u00e4ytt\u00f6ehtoihin<\/strong><br>Palveluntarjoaja voi muuttaa k\u00e4ytt\u00f6ehtoja ja palvelun sis\u00e4lt\u00f6\u00e4. Olennaisista muutoksista ilmoitetaan k\u00e4ytt\u00e4jille. Palvelun k\u00e4yt\u00f6n jatkaminen tarkoittaa muutettujen ehtojen hyv\u00e4ksymist\u00e4.<\/p>\n\n\n\n<p><\/p>\n","protected":false},"excerpt":{"rendered":"<p>K\u00e4ytt\u00f6ehdot l\u00e4tk\u00e4kirppis.fi \/ GearTrade OyYhteystiedotGearTrade OyS\u00e4hk\u00f6posti: teemu@geartrade.fiVerkkosivut: www.l\u00e4tk\u00e4kirppis.fiP\u00e4ivitetty: 19.9.2025 Yleist\u00e4L\u00e4tk\u00e4kirppis.fi on GearTrade Oy:n yll\u00e4pit\u00e4m\u00e4 digitaalinen markkinapaikka, jossa yksityishenkil\u00f6t ja yritykset voivat myyd\u00e4, ostaa ja vaihtaa j\u00e4\u00e4urheiluv\u00e4lineit\u00e4 ja -tarvikkeita. Palvelun k\u00e4ytt\u00f6 edellytt\u00e4\u00e4 n\u00e4iden k\u00e4ytt\u00f6ehtojen hyv\u00e4ksymist\u00e4. Rekister\u00f6ityminen ja k\u00e4ytt\u00e4j\u00e4tiliPalvelun k\u00e4ytt\u00f6 vaatii rekister\u00f6itymisen. K\u00e4ytt\u00e4j\u00e4 sitoutuu antamaan oikeat ja ajantasaiset tiedot. K\u00e4ytt\u00e4j\u00e4 vastaa tilins\u00e4 turvallisuudesta ja kaikesta tililt\u00e4\u00e4n tapahtuvasta [&hellip;]<\/p>\n","protected":false},"author":3,"featured_media":0,"parent":0,"menu_order":0,"comment_status":"closed","ping_status":"closed","template":"","meta":{"footnotes":""},"class_list":["post-165","page","type-page","status-publish","hentry"],"_links":{"self":[{"href":"https:\/\/xn--ltkkirppis-q5ac.fi\/index.php?rest_route=\/wp\/v2\/pages\/165","targetHints":{"allow":["GET"]}}],"collection":[{"href":"https:\/\/xn--ltkkirppis-q5ac.fi\/index.php?rest_route=\/wp\/v2\/pages"}],"about":[{"href":"https:\/\/xn--ltkkirppis-q5ac.fi\/index.php?rest_route=\/wp\/v2\/types\/page"}],"author":[{"embeddable":true,"href":"https:\/\/xn--ltkkirppis-q5ac.fi\/index.php?rest_route=\/wp\/v2\/users\/3"}],"replies":[{"embeddable":true,"href":"https:\/\/xn--ltkkirppis-q5ac.fi\/index.php?rest_route=%2Fwp%2Fv2%2Fcomments&post=165"}],"version-history":[{"count":14,"href":"https:\/\/xn--ltkkirppis-q5ac.fi\/index.php?rest_route=\/wp\/v2\/pages\/165\/revisions"}],"predecessor-version":[{"id":3284,"href":"https:\/\/xn--ltkkirppis-q5ac.fi\/index.php?rest_route=\/wp\/v2\/pages\/165\/revisions\/3284"}],"wp:attachment":[{"href":"https:\/\/xn--ltkkirppis-q5ac.fi\/index.php?rest_route=%2Fwp%2Fv2%2Fmedia&parent=165"}],"curies":[{"name":"wp","href":"https:\/\/api.w.org\/{rel}","templated":true}]}}