{"id":167,"date":"2025-05-08T13:22:29","date_gmt":"2025-05-08T10:22:29","guid":{"rendered":"https:\/\/xn--ltkkirppis-q5ac.fi\/?page_id=167"},"modified":"2025-09-22T21:27:57","modified_gmt":"2025-09-22T18:27:57","slug":"rekisteriseloste","status":"publish","type":"page","link":"https:\/\/xn--ltkkirppis-q5ac.fi\/?page_id=167","title":{"rendered":"Rekisteri- ja tietosuojaseloste"},"content":{"rendered":"\n<p><strong>Rekisterinpit\u00e4j\u00e4<\/strong><br>GearTrade Oy<br><strong>Y-tunnus:<\/strong> 3525699-7<br><strong>S\u00e4hk\u00f6posti:<\/strong> teemu@geartrade.fi<br><strong>Kotipaikka:<\/strong> Oulu<\/p>\n\n\n\n<p><strong>Rekisterin nimi<\/strong><br>L\u00e4tk\u00e4kirppis.fi -palvelun k\u00e4ytt\u00e4j\u00e4rekisteri<\/p>\n\n\n\n<p><strong>Henkil\u00f6tietojen k\u00e4sittelyn tarkoitus<\/strong><br>Ker\u00e4\u00e4mme ja k\u00e4sittelemme henkil\u00f6tietoja seuraaviin tarkoituksiin:<br>\u2022 K\u00e4ytt\u00e4j\u00e4tilien luonti ja hallinta<br>\u2022 Ilmoitusten julkaisu ja kaupank\u00e4ynti alustalla<br>\u2022 Asiakaspalvelu ja asiakassuhteiden yll\u00e4pito<br>\u2022 Palvelun kehitt\u00e4minen ja tekninen toimivuus<br>\u2022 Markkinointi ja viestint\u00e4 (esim. uutiskirjeet, kampanjat)<br>\u2022 Lain edellytt\u00e4mien velvoitteiden t\u00e4ytt\u00e4minen<\/p>\n\n\n\n<p><strong>Rekisterin tietosis\u00e4lt\u00f6<\/strong><br>Rekisteri voi sis\u00e4lt\u00e4\u00e4 seuraavia tietoja:<br>\u2022 Nimi, s\u00e4hk\u00f6postiosoite, k\u00e4ytt\u00e4j\u00e4tunnus<br>\u2022 Yritysasiakkailla: yrityksen nimi, Y-tunnus ja yhteystiedot<br>\u2022 Ilmoitusten sis\u00e4ll\u00f6t ja julkaisuhistoria<br>\u2022 K\u00e4ytt\u00e4j\u00e4n sijaintitiedot (esim. paikkakunta)<br>\u2022 Maksuhistoria (ei maksukorttien tietoja)<br>\u2022 K\u00e4ytt\u00f6\u00f6n liittyv\u00e4t loki- ja seurantatiedot (esim. IP-osoite)<br>\u2022 Ev\u00e4steiden ja muiden vastaavien teknologioiden ker\u00e4\u00e4m\u00e4t tiedot<br>\u2022 Viestint\u00e4asetukset ja k\u00e4ytt\u00e4j\u00e4n suostumukset<\/p>\n\n\n\n<p><strong>Tietojen s\u00e4\u00e4nn\u00f6nmukaiset l\u00e4hteet<\/strong><br>\u2022 K\u00e4ytt\u00e4j\u00e4n itsens\u00e4 antamat tiedot rekister\u00f6itymisen ja k\u00e4yt\u00f6n yhteydess\u00e4<br>\u2022 Palvelun k\u00e4yt\u00f6n yhteydess\u00e4 syntyv\u00e4 data (esim. lokitiedot ja ev\u00e4steet)<\/p>\n\n\n\n<p><strong>Tietojen luovutus ja siirto<\/strong><br>Tietoja ei luovuteta kolmansille osapuolille ilman k\u00e4ytt\u00e4j\u00e4n suostumusta, ellei laki sit\u00e4 edellyt\u00e4.<br>Tietoja voidaan siirt\u00e4\u00e4 GearTrade Oy:n valitsemille alihankkijoille tai palveluntarjoajille, jotka k\u00e4sittelev\u00e4t tietoja GearTrade Oy:n lukuun ja ohjeiden mukaisesti.<br>Tietoja ei siirret\u00e4 EU- tai ETA-alueen ulkopuolelle ilman riitt\u00e4vi\u00e4 suojatoimia.<\/p>\n\n\n\n<p><strong>Tietojen s\u00e4ilytysaika<\/strong><br>Henkil\u00f6tietoja s\u00e4ilytet\u00e4\u00e4n vain niin kauan kuin on tarpeen t\u00e4ss\u00e4 selosteessa m\u00e4\u00e4riteltyjen k\u00e4ytt\u00f6tarkoitusten toteuttamiseksi tai lakis\u00e4\u00e4teisten velvoitteiden t\u00e4ytt\u00e4miseksi. K\u00e4ytt\u00e4j\u00e4ll\u00e4 on oikeus pyyt\u00e4\u00e4 tietojensa poistamista j\u00e4rjestelm\u00e4st\u00e4.<\/p>\n\n\n\n<p><strong>Rekister\u00f6idyn oikeudet<\/strong><br>Rekister\u00f6idyll\u00e4 on seuraavat oikeudet:<br>\u2022 Oikeus tarkastaa omat tietonsa<br>\u2022 Oikeus pyyt\u00e4\u00e4 tietojen oikaisemista tai poistamista<br>\u2022 Oikeus rajoittaa tietojensa k\u00e4sittely\u00e4 tai vastustaa sit\u00e4<br>\u2022 Oikeus siirt\u00e4\u00e4 tiedot toiselle palveluntarjoajalle<br>\u2022 Oikeus peruuttaa suostumus milloin tahansa<br>\u2022 Oikeus tehd\u00e4 valitus valvontaviranomaiselle (Suomessa: Tietosuojavaltuutetun toimisto)<br>Tietopyynn\u00f6t voi l\u00e4hett\u00e4\u00e4 s\u00e4hk\u00f6postitse osoitteeseen: teemu@geartrade.fi<\/p>\n\n\n\n<p><strong>Ev\u00e4steet ja seuranta<\/strong><br>L\u00e4tk\u00e4kirppis.fi voi k\u00e4ytt\u00e4\u00e4 ev\u00e4steit\u00e4 (cookies) parantaakseen k\u00e4ytt\u00e4j\u00e4kokemusta, analysoidakseen k\u00e4ytt\u00f6\u00e4 ja kohdennaakseen mainontaa. K\u00e4ytt\u00e4j\u00e4ll\u00e4 on mahdollisuus hallita ev\u00e4steasetuksia selaimensa kautta.<\/p>\n\n\n\n<p><strong>Tietoturva<\/strong><br>Kaikki henkil\u00f6tiedot s\u00e4ilytet\u00e4\u00e4n suojatuissa j\u00e4rjestelmiss\u00e4. P\u00e4\u00e4sy tietoihin on rajattu vain niille henkil\u00f6ille, joilla on siihen ty\u00f6teht\u00e4viens\u00e4 vuoksi valtuutus. Tiedonsiirto on salattu ja k\u00e4ytt\u00e4jien salasanat tallennetaan turvallisesti.<\/p>\n","protected":false},"excerpt":{"rendered":"<p>Rekisterinpit\u00e4j\u00e4GearTrade OyY-tunnus: 3525699-7S\u00e4hk\u00f6posti: teemu@geartrade.fiKotipaikka: Oulu Rekisterin nimiL\u00e4tk\u00e4kirppis.fi -palvelun k\u00e4ytt\u00e4j\u00e4rekisteri Henkil\u00f6tietojen k\u00e4sittelyn tarkoitusKer\u00e4\u00e4mme ja k\u00e4sittelemme henkil\u00f6tietoja seuraaviin tarkoituksiin:\u2022 K\u00e4ytt\u00e4j\u00e4tilien luonti ja hallinta\u2022 Ilmoitusten julkaisu ja kaupank\u00e4ynti alustalla\u2022 Asiakaspalvelu ja asiakassuhteiden yll\u00e4pito\u2022 Palvelun kehitt\u00e4minen ja tekninen toimivuus\u2022 Markkinointi ja viestint\u00e4 (esim. uutiskirjeet, kampanjat)\u2022 Lain edellytt\u00e4mien velvoitteiden t\u00e4ytt\u00e4minen Rekisterin tietosis\u00e4lt\u00f6Rekisteri voi sis\u00e4lt\u00e4\u00e4 seuraavia tietoja:\u2022 Nimi, s\u00e4hk\u00f6postiosoite, k\u00e4ytt\u00e4j\u00e4tunnus\u2022 Yritysasiakkailla: [&hellip;]<\/p>\n","protected":false},"author":3,"featured_media":0,"parent":0,"menu_order":0,"comment_status":"closed","ping_status":"closed","template":"","meta":{"footnotes":""},"class_list":["post-167","page","type-page","status-publish","hentry"],"_links":{"self":[{"href":"https:\/\/xn--ltkkirppis-q5ac.fi\/index.php?rest_route=\/wp\/v2\/pages\/167","targetHints":{"allow":["GET"]}}],"collection":[{"href":"https:\/\/xn--ltkkirppis-q5ac.fi\/index.php?rest_route=\/wp\/v2\/pages"}],"about":[{"href":"https:\/\/xn--ltkkirppis-q5ac.fi\/index.php?rest_route=\/wp\/v2\/types\/page"}],"author":[{"embeddable":true,"href":"https:\/\/xn--ltkkirppis-q5ac.fi\/index.php?rest_route=\/wp\/v2\/users\/3"}],"replies":[{"embeddable":true,"href":"https:\/\/xn--ltkkirppis-q5ac.fi\/index.php?rest_route=%2Fwp%2Fv2%2Fcomments&post=167"}],"version-history":[{"count":6,"href":"https:\/\/xn--ltkkirppis-q5ac.fi\/index.php?rest_route=\/wp\/v2\/pages\/167\/revisions"}],"predecessor-version":[{"id":3285,"href":"https:\/\/xn--ltkkirppis-q5ac.fi\/index.php?rest_route=\/wp\/v2\/pages\/167\/revisions\/3285"}],"wp:attachment":[{"href":"https:\/\/xn--ltkkirppis-q5ac.fi\/index.php?rest_route=%2Fwp%2Fv2%2Fmedia&parent=167"}],"curies":[{"name":"wp","href":"https:\/\/api.w.org\/{rel}","templated":true}]}}