{"id":463,"date":"2025-05-17T12:41:27","date_gmt":"2025-05-17T09:41:27","guid":{"rendered":"https:\/\/xn--ltkkirppis-q5ac.fi\/?page_id=463"},"modified":"2025-09-22T21:24:36","modified_gmt":"2025-09-22T18:24:36","slug":"yhteystiedot","status":"publish","type":"page","link":"https:\/\/xn--ltkkirppis-q5ac.fi\/?page_id=463","title":{"rendered":"Asiakaspalvelu ja usein kysytty\u00e4"},"content":{"rendered":"<div class=\"g g-9\"><div class=\"g-single a-28\"><a href=\"https:\/\/www.tepjo.fi\/\" target=\"_blank\"><img decoding=\"async\" src=\"https:\/\/xn--ltkkirppis-q5ac.fi\/wp-content\/uploads\/2025\/10\/Nayttokuva-2025-10-10-kello-10.05.48.png\" \/><\/a><\/div><\/div>\n\n\n<div style=\"height:var(--wp--preset--spacing--50)\" aria-hidden=\"true\" class=\"wp-block-spacer\"><\/div>\n\n\n\n<div class=\"wp-block-group alignwide has-white-background-color has-background\"><div class=\"wp-block-group__inner-container is-layout-constrained wp-block-group-is-layout-constrained\">\n<h3 class=\"wp-block-heading alignwide has-text-align-center\"><strong>Yhteystiedot ja usein kysytty\u00e4<\/strong><\/h3>\n\n\n\n<div class=\"wp-block-columns is-layout-flex wp-container-core-columns-is-layout-9d6595d7 wp-block-columns-is-layout-flex\">\n<div class=\"wp-block-column is-layout-flow wp-block-column-is-layout-flow\" style=\"flex-basis:25%\"><!-- Either there are no banners, they are disabled or none qualified for this location! -->\n\n\n<div style=\"height:var(--wp--preset--spacing--50)\" aria-hidden=\"true\" class=\"wp-block-spacer\"><\/div>\n<\/div>\n\n\n\n<div class=\"wp-block-column is-layout-flow wp-block-column-is-layout-flow\" style=\"flex-basis:50%\">\n<p style=\"font-weight: 400;\"><strong>Yksityisk\u00e4ytt\u00e4j\u00e4lle<\/strong><strong><br \/><\/strong>Voit ottaa yhteytt\u00e4 asiakaspalveluun alla olevan s\u00e4hk\u00f6postin kautta.<br \/><strong>info@golfkirppis.fi<\/strong><br \/>Pyrimme vastaamaan s\u00e4hk\u00f6postiin arkisin klo 08-16 v\u00e4lill\u00e4.<\/p>\n<p><strong><br \/>Usein kysytty\u00e4<\/strong><\/p>\n<p><strong>Mik\u00e4 on l\u00e4tk\u00e4kirppis.fi?<br \/><\/strong>L\u00e4tk\u00e4kirppis.fi on kauppapaikka, jossa voi ostaa ja myyd\u00e4 k\u00e4ytettyj\u00e4 ja uusia varusteita sek\u00e4 tarvikkeita j\u00e4\u00e4urheiluun. Palvelu on suunnattu sek\u00e4 yksityishenkil\u00f6ille ett\u00e4 yrityksille.<\/p>\n<p><strong>Maksaako rekister\u00f6ityminen?<br \/><\/strong>Yksityishenkil\u00f6ille rekister\u00f6ityminen on maksutonta.<\/p>\n<p>Yrityksille rekister\u00f6ityminen on maksullista. Ota yhteytt\u00e4 mediamyyntiin saadaksesi lis\u00e4tietoja.<\/p>\n<p><strong>Vaaditaanko rekister\u00f6ityminen kaikilta k\u00e4ytt\u00e4jilt\u00e4?<br \/><\/strong>Kyll\u00e4, rekister\u00f6ityminen on pakollista.<\/p>\n<p><strong>Miten rekister\u00f6idyn k\u00e4ytt\u00e4j\u00e4ksi?<br \/><\/strong>Rekister\u00f6ityminen tapahtuu luomalla k\u00e4ytt\u00e4j\u00e4tunnus sivustolle.<\/p>\n<p><strong>Miten voin poistaa k\u00e4ytt\u00e4j\u00e4tilini?<br \/><\/strong>K\u00e4ytt\u00e4j\u00e4tilin asetuksista, sivun alalaidassa on &#8221;poista k\u00e4ytt\u00e4j\u00e4tunnus&#8221; -painikkeesta<\/p>\n<p style=\"font-weight: 400;\"><strong>Kuinka teen myynti-ilmoituksen?<\/strong><\/p>\n<ol>\n<li>Rekister\u00f6idy k\u00e4ytt\u00e4j\u00e4ksi<\/li>\n<li>Kirjaudu sis\u00e4\u00e4n<\/li>\n<li>Klikkaa \u201cLis\u00e4\u00e4 ilmoitus\u201d -painiketta<\/li>\n<\/ol>\n<p style=\"font-weight: 400;\"><strong>Miten voin muokata myynti-ilmoitustani?<br \/><\/strong>Kirjaudu sis\u00e4\u00e4n ja klikkaa haluamaasi ilmoitusta. P\u00e4\u00e4set muokkaamaan sen sis\u00e4lt\u00f6\u00e4 suoraan ilmoituksen sivulta.<\/p>\n<p style=\"font-weight: 400;\"><strong>Miten poistan myynti-ilmoitukseni?<br \/><\/strong>Kirjaudu sis\u00e4\u00e4n ja avaa ilmoitus. Voit poistaa tai piilottaa sen sivun oikeassa reunassa olevista painikkeista.<\/p>\n<p style=\"font-weight: 400;\"><strong>Millaiset ilmoitukset ovat sallittuja?<br \/><\/strong>Ilmoituksen tulee olla asiallinen, ja tuotteen on vastattava kuvaa sek\u00e4 kuvausta. Tarkemmat s\u00e4\u00e4nn\u00f6t l\u00f6ytyv\u00e4t \u201cK\u00e4ytt\u00f6ohjeet\u201d-linkist\u00e4.<\/p>\n<p style=\"font-weight: 400;\"><strong>Mist\u00e4 l\u00f6yd\u00e4n yleiset ohjeet ja tietosuojaselosteen?<br \/><\/strong>N\u00e4m\u00e4 l\u00f6ytyv\u00e4t sivun alalaidasta.<\/p>\n<p style=\"font-weight: 400;\"><strong>Etk\u00f6 l\u00f6yt\u00e4nyt vastausta kysymykseesi?<br \/><\/strong>L\u00e4het\u00e4 kysymyksesi s\u00e4hk\u00f6postilla asiakaspalveluun.<\/p>\n<p style=\"font-weight: 400;\">\u00a0<\/p>\n<\/div>\n\n\n\n<div class=\"wp-block-column is-layout-flow wp-block-column-is-layout-flow\" style=\"flex-basis:25%\"><!-- Either there are no banners, they are disabled or none qualified for this location! -->\n\n\n<div style=\"height:var(--wp--preset--spacing--50)\" aria-hidden=\"true\" class=\"wp-block-spacer\"><\/div>\n<\/div>\n<\/div>\n<\/div><\/div>\n","protected":false},"excerpt":{"rendered":"<p>Yhteystiedot ja usein kysytty\u00e4 Yksityisk\u00e4ytt\u00e4j\u00e4lleVoit ottaa yhteytt\u00e4 asiakaspalveluun alla olevan s\u00e4hk\u00f6postin kautta.info@golfkirppis.fiPyrimme vastaamaan s\u00e4hk\u00f6postiin arkisin klo 08-16 v\u00e4lill\u00e4. Usein kysytty\u00e4 Mik\u00e4 on l\u00e4tk\u00e4kirppis.fi?L\u00e4tk\u00e4kirppis.fi on kauppapaikka, jossa voi ostaa ja myyd\u00e4 k\u00e4ytettyj\u00e4 ja uusia varusteita sek\u00e4 tarvikkeita j\u00e4\u00e4urheiluun. Palvelu on suunnattu sek\u00e4 yksityishenkil\u00f6ille ett\u00e4 yrityksille. Maksaako rekister\u00f6ityminen?Yksityishenkil\u00f6ille rekister\u00f6ityminen on maksutonta. Yrityksille rekister\u00f6ityminen on maksullista. Ota yhteytt\u00e4 [&hellip;]<\/p>\n","protected":false},"author":4,"featured_media":0,"parent":0,"menu_order":0,"comment_status":"closed","ping_status":"closed","template":"","meta":{"footnotes":""},"class_list":["post-463","page","type-page","status-publish","hentry"],"_links":{"self":[{"href":"https:\/\/xn--ltkkirppis-q5ac.fi\/index.php?rest_route=\/wp\/v2\/pages\/463","targetHints":{"allow":["GET"]}}],"collection":[{"href":"https:\/\/xn--ltkkirppis-q5ac.fi\/index.php?rest_route=\/wp\/v2\/pages"}],"about":[{"href":"https:\/\/xn--ltkkirppis-q5ac.fi\/index.php?rest_route=\/wp\/v2\/types\/page"}],"author":[{"embeddable":true,"href":"https:\/\/xn--ltkkirppis-q5ac.fi\/index.php?rest_route=\/wp\/v2\/users\/4"}],"replies":[{"embeddable":true,"href":"https:\/\/xn--ltkkirppis-q5ac.fi\/index.php?rest_route=%2Fwp%2Fv2%2Fcomments&post=463"}],"version-history":[{"count":68,"href":"https:\/\/xn--ltkkirppis-q5ac.fi\/index.php?rest_route=\/wp\/v2\/pages\/463\/revisions"}],"predecessor-version":[{"id":3281,"href":"https:\/\/xn--ltkkirppis-q5ac.fi\/index.php?rest_route=\/wp\/v2\/pages\/463\/revisions\/3281"}],"wp:attachment":[{"href":"https:\/\/xn--ltkkirppis-q5ac.fi\/index.php?rest_route=%2Fwp%2Fv2%2Fmedia&parent=463"}],"curies":[{"name":"wp","href":"https:\/\/api.w.org\/{rel}","templated":true}]}}