{"id":680,"date":"2025-05-21T12:58:22","date_gmt":"2025-05-21T09:58:22","guid":{"rendered":"https:\/\/xn--ltkkirppis-q5ac.fi\/?page_id=680"},"modified":"2025-09-22T21:26:06","modified_gmt":"2025-09-22T18:26:06","slug":"yrityksille","status":"publish","type":"page","link":"https:\/\/xn--ltkkirppis-q5ac.fi\/?page_id=680","title":{"rendered":"Yrityksille"},"content":{"rendered":"<div class=\"g g-9\"><div class=\"g-single a-28\"><a href=\"https:\/\/www.tepjo.fi\/\" target=\"_blank\"><img decoding=\"async\" src=\"https:\/\/xn--ltkkirppis-q5ac.fi\/wp-content\/uploads\/2025\/10\/Nayttokuva-2025-10-10-kello-10.05.48.png\" \/><\/a><\/div><\/div>\n\n\n<div style=\"height:var(--wp--preset--spacing--50)\" aria-hidden=\"true\" class=\"wp-block-spacer\"><\/div>\n\n\n\n<div class=\"wp-block-group has-white-background-color has-background\"><div class=\"wp-block-group__inner-container is-layout-constrained wp-block-group-is-layout-constrained\">\n<h3 class=\"wp-block-heading has-text-align-center\">Asiakaspalvelu yrityksille<\/h3>\n\n\n\n<div class=\"wp-block-columns is-layout-flex wp-container-core-columns-is-layout-9d6595d7 wp-block-columns-is-layout-flex\">\n<div class=\"wp-block-column is-layout-flow wp-block-column-is-layout-flow\" style=\"flex-basis:25%\"><!-- Either there are no banners, they are disabled or none qualified for this location! -->\n\n\n<div style=\"height:var(--wp--preset--spacing--50)\" aria-hidden=\"true\" class=\"wp-block-spacer\"><\/div>\n<\/div>\n\n\n\n<div class=\"wp-block-column is-layout-flow wp-block-column-is-layout-flow\" style=\"flex-basis:50%\">\n<p><strong>Yrityksille<\/strong><br>Voit ottaa yhteytt\u00e4 asiakaspalveluun alla olevan s\u00e4hk\u00f6postin kautta.<br><strong>info@golfkirppis.fi<\/strong><br>Pyrimme vastaamaan s\u00e4hk\u00f6postiin arkisin klo 08-16 v\u00e4lill\u00e4.<\/p>\n\n\n\n<p><strong>Mediamyynti<\/strong><br>Kiinnostaako mainostaminen l\u00e4tk\u00e4kirppis.fi-sivustolla? Ota yhteytt\u00e4 myyntiimme, niin r\u00e4\u00e4t\u00e4l\u00f6id\u00e4\u00e4n yhdess\u00e4 sopiva ratkaisu ja aloitetaan yhteisty\u00f6 jo t\u00e4n\u00e4\u00e4n!<\/p>\n\n\n\n<p><strong><em>Alta l\u00f6yd\u00e4t myyntitiimimme yhteystiedot.<\/em><\/strong><\/p>\n\n\n\n<div class=\"wp-block-media-text is-stacked-on-mobile\" style=\"grid-template-columns:17% auto\"><figure class=\"wp-block-media-text__media\"><img decoding=\"async\" src=\"https:\/\/xn--ltkkirppis-q5ac.fi\/wp-content\/uploads\/2025\/05\/5719787C-7214-4774-A50A-BCC2051F552F_1_201_a.heic\" alt=\"\" class=\"wp-image-502 size-full\"\/><\/figure><div class=\"wp-block-media-text__content\">\n<p><strong>Teemu Martikainen, <strong>050 567 8187<\/strong><br><\/strong>teemu@geartrade.fi<\/p>\n<\/div><\/div>\n\n\n\n<p><\/p>\n<\/div>\n\n\n\n<div class=\"wp-block-column is-layout-flow wp-block-column-is-layout-flow\" style=\"flex-basis:25%\"><!-- Either there are no banners, they are disabled or none qualified for this location! -->\n\n\n<div style=\"height:var(--wp--preset--spacing--50)\" aria-hidden=\"true\" class=\"wp-block-spacer\"><\/div>\n<\/div>\n<\/div>\n<\/div><\/div>\n\n\n\n<div style=\"height:var(--wp--preset--spacing--70)\" aria-hidden=\"true\" class=\"wp-block-spacer\"><\/div>\n","protected":false},"excerpt":{"rendered":"<p>Asiakaspalvelu yrityksille YrityksilleVoit ottaa yhteytt\u00e4 asiakaspalveluun alla olevan s\u00e4hk\u00f6postin kautta.info@golfkirppis.fiPyrimme vastaamaan s\u00e4hk\u00f6postiin arkisin klo 08-16 v\u00e4lill\u00e4. MediamyyntiKiinnostaako mainostaminen l\u00e4tk\u00e4kirppis.fi-sivustolla? Ota yhteytt\u00e4 myyntiimme, niin r\u00e4\u00e4t\u00e4l\u00f6id\u00e4\u00e4n yhdess\u00e4 sopiva ratkaisu ja aloitetaan yhteisty\u00f6 jo t\u00e4n\u00e4\u00e4n! Alta l\u00f6yd\u00e4t myyntitiimimme yhteystiedot. Teemu Martikainen, 050 567 8187teemu@geartrade.fi<\/p>\n","protected":false},"author":4,"featured_media":0,"parent":0,"menu_order":0,"comment_status":"closed","ping_status":"closed","template":"","meta":{"footnotes":""},"class_list":["post-680","page","type-page","status-publish","hentry"],"_links":{"self":[{"href":"https:\/\/xn--ltkkirppis-q5ac.fi\/index.php?rest_route=\/wp\/v2\/pages\/680","targetHints":{"allow":["GET"]}}],"collection":[{"href":"https:\/\/xn--ltkkirppis-q5ac.fi\/index.php?rest_route=\/wp\/v2\/pages"}],"about":[{"href":"https:\/\/xn--ltkkirppis-q5ac.fi\/index.php?rest_route=\/wp\/v2\/types\/page"}],"author":[{"embeddable":true,"href":"https:\/\/xn--ltkkirppis-q5ac.fi\/index.php?rest_route=\/wp\/v2\/users\/4"}],"replies":[{"embeddable":true,"href":"https:\/\/xn--ltkkirppis-q5ac.fi\/index.php?rest_route=%2Fwp%2Fv2%2Fcomments&post=680"}],"version-history":[{"count":14,"href":"https:\/\/xn--ltkkirppis-q5ac.fi\/index.php?rest_route=\/wp\/v2\/pages\/680\/revisions"}],"predecessor-version":[{"id":3283,"href":"https:\/\/xn--ltkkirppis-q5ac.fi\/index.php?rest_route=\/wp\/v2\/pages\/680\/revisions\/3283"}],"wp:attachment":[{"href":"https:\/\/xn--ltkkirppis-q5ac.fi\/index.php?rest_route=%2Fwp%2Fv2%2Fmedia&parent=680"}],"curies":[{"name":"wp","href":"https:\/\/api.w.org\/{rel}","templated":true}]}}